{"id":247133,"date":"2022-02-21T12:40:11","date_gmt":"2022-02-21T11:40:11","guid":{"rendered":"https:\/\/blog.adesso-bc.com\/impresszum\/"},"modified":"2025-12-09T13:56:36","modified_gmt":"2025-12-09T12:56:36","slug":"impresszum","status":"publish","type":"page","link":"https:\/\/blog.adesso-bc.com\/hu\/impresszum\/","title":{"rendered":"Impresszum"},"content":{"rendered":"<p>[et_pb_section fb_built=&#8221;1&#8243; _builder_version=&#8221;4.16&#8243; _module_preset=&#8221;default&#8221; custom_padding=&#8221;160px||||false|false&#8221; global_colors_info=&#8221;{}&#8221;][et_pb_row use_custom_gutter=&#8221;on&#8221; gutter_width=&#8221;1&#8243; _builder_version=&#8221;4.16&#8243; _module_preset=&#8221;default&#8221; width=&#8221;100%&#8221; width_tablet=&#8221;100%&#8221; width_phone=&#8221;&#8221; width_last_edited=&#8221;on|desktop&#8221; max_width=&#8221;60%&#8221; max_width_tablet=&#8221;90%&#8221; max_width_phone=&#8221;&#8221; max_width_last_edited=&#8221;on|tablet&#8221; global_colors_info=&#8221;{}&#8221;][et_pb_column type=&#8221;4_4&#8243; _builder_version=&#8221;4.16&#8243; _module_preset=&#8221;default&#8221; global_colors_info=&#8221;{}&#8221;][et_pb_text _builder_version=&#8221;4.18.0&#8243; _module_preset=&#8221;default&#8221; header_font=&#8221;KlavikaWebBasic|500|||||||&#8221; header_5_font=&#8221;KlavikaWebBasic|500|||||||&#8221; header_5_font_size=&#8221;18px&#8221; global_colors_info=&#8221;{}&#8221;]<\/p>\n<div class=\"et_pb_column et_pb_column_4_4 et_pb_column_0 et_pb_css_mix_blend_mode_passthrough et-last-child\">\n<div class=\"et_pb_module et_pb_text et_pb_text_0 et_pb_text_align_left et_pb_bg_layout_light\">\n<div class=\"et_pb_text_inner\">\n<h1>Impresszum<\/h1>\n<\/div>\n<\/div>\n<\/div>\n<p>[\/et_pb_text][et_pb_text _builder_version=&#8221;4.18.0&#8243; _module_preset=&#8221;default&#8221; text_font=&#8221;KlavikaWebBasic||||||||&#8221; text_line_height=&#8221;1.6em&#8221; link_text_color=&#8221;#333333&#8243; custom_padding=&#8221;20px||||false|false&#8221; text_font_size_tablet=&#8221;16px&#8221; text_font_size_phone=&#8221;14px&#8221; text_font_size_last_edited=&#8221;on|phone&#8221; global_colors_info=&#8221;{}&#8221; link_text_color__hover_enabled=&#8221;on|desktop&#8221; link_text_color__hover=&#8221;#999999&#8243;]<\/p>\n<div class=\"et_pb_column et_pb_column_4_4 et_pb_column_0 et_pb_css_mix_blend_mode_passthrough et-last-child\">\n<div class=\"et_pb_module et_pb_text et_pb_text_0 et_pb_text_align_left et_pb_bg_layout_light\">\n<div class=\"et_pb_text_inner\">\n<div class=\"et_pb_module et_pb_text et_pb_text_1 et_pb_text_align_left et_pb_bg_layout_light\">\n<div class=\"et_pb_text_inner\">\n<p class=\"p1\"><strong><span class=\"s1\">A r\u00e9szv\u00e9nyt\u00e1rsas\u00e1g sz\u00e9khelye<\/span><\/strong><\/p>\n<p class=\"p1\"><span class=\"s1\">adesso business consulting AG<br \/>Robert-Henseling-Stra\u00dfe 11<br \/>31789 Hameln<\/span><\/p>\n<p class=\"p1\"><span class=\"s1\">Igazgat\u00f3s\u00e1g<br \/>Frank Beck<br \/>Jens Brakhage<br \/>Olaf Reiter<br \/>Stephan Thies<br \/><\/span><span class=\"s1\"><\/span><\/p>\n<p class=\"p1\"><span class=\"s1\">Fel\u00fcgyel\u0151bizotts\u00e1g eln\u00f6ke<br \/>Tobias Truhn<br \/><\/span><\/p>\n<p class=\"p1\"><span class=\"s1\">C\u00e9gjegyz\u00e9ksz\u00e1m: HRB 213652<br \/>Ad\u00f3sz\u00e1m: 22\/200\/77114<br \/>USt-IdNr.: DE305482608<\/span><\/p>\n<p class=\"p1\"><span class=\"s1\">Jogok<br \/>Minden jog fenntartva. A tartalom b\u00e1rmilyen form\u00e1ban t\u00f6rt\u00e9n\u0151 sokszoros\u00edt\u00e1sa csak az adesso business consulting AG \u00edr\u00e1sbeli enged\u00e9ly\u00e9vel lehets\u00e9ges. <\/span><\/p>\n<p class=\"p1\">Koncepci\u00f3 \u00e9s design<br \/>Oktober Kommunikationsdesign GmbH www.oktober.de<\/p>\n<p class=\"p1\"><span class=\"s1\"><span>Willy-Brandt-Platz 5-7<\/span><br \/><span>44787 Bochum<\/span><br \/><a href=\"https:\/\/www.oktober.de\" target=\"_blank\" rel=\"noopener\">www.oktober.de<\/a><\/span><\/p>\n<p class=\"p1\"><span class=\"s1\">Felel\u0151ss\u00e9gi nyilatkozat<br \/>A tartalom gondos ellen\u0151rz\u00e9se ellen\u00e9re nem v\u00e1llalunk felel\u0151ss\u00e9get a k\u00fcls\u0151 hivatkoz\u00e1sok (linkek) tartalm\u00e1\u00e9rt. A hivatkozott oldalak tartalm\u00e1\u00e9rt kiz\u00e1r\u00f3lag azok \u00fczemeltet\u0151i felel\u0151sek. <\/span><\/p>\n<p class=\"p1\"><span class=\"s1\">T +49 231 7000 2000<br \/><\/span><\/p>\n<p class=\"p2\"><a href=\"mailto:info@adesso-orange.com\"><span class=\"s1\"><\/span><\/a><a href=\"mailto:info@adesso-bc.com\">info@adesso-bc.de<\/a><br \/><span class=\"s2\"><a href=\"https:\/\/www.adesso-bc.com\" target=\"_blank\" rel=\"noopener\">www.adesso-bc.com<\/a><br \/><\/span><span class=\"s2\"><\/span><\/p>\n<p class=\"p2\"><span class=\"s2\"><\/span><\/p>\n<\/div>\n<\/div>\n<\/div>\n<\/div>\n<\/div>\n<p>[\/et_pb_text][\/et_pb_column][\/et_pb_row][\/et_pb_section]<\/p>\n","protected":false},"excerpt":{"rendered":"<p>Impresszum A r\u00e9szv\u00e9nyt\u00e1rsas\u00e1g sz\u00e9khelye adesso business consulting AGRobert-Henseling-Stra\u00dfe 1131789 Hameln Igazgat\u00f3s\u00e1gFrank BeckJens BrakhageOlaf ReiterStephan Thies Fel\u00fcgyel\u0151bizotts\u00e1g eln\u00f6keTobias Truhn C\u00e9gjegyz\u00e9ksz\u00e1m: HRB 213652Ad\u00f3sz\u00e1m: 22\/200\/77114USt-IdNr.: DE305482608 JogokMinden jog fenntartva. A tartalom b\u00e1rmilyen form\u00e1ban t\u00f6rt\u00e9n\u0151 sokszoros\u00edt\u00e1sa csak az adesso business consulting AG \u00edr\u00e1sbeli enged\u00e9ly\u00e9vel lehets\u00e9ges. Koncepci\u00f3 \u00e9s designOktober Kommunikationsdesign GmbH www.oktober.de Willy-Brandt-Platz 5-744787 Bochumwww.oktober.de Felel\u0151ss\u00e9gi nyilatkozatA tartalom gondos ellen\u0151rz\u00e9se [&hellip;]<\/p>\n","protected":false},"author":1,"featured_media":0,"parent":0,"menu_order":0,"comment_status":"closed","ping_status":"closed","template":"","meta":{"_acf_changed":false,"_et_pb_use_builder":"on","_et_pb_old_content":"","_et_gb_content_width":"","inline_featured_image":false,"footnotes":""},"class_list":["post-247133","page","type-page","status-publish","hentry"],"acf":[],"yoast_head":"<!-- This site is optimized with the Yoast SEO plugin v26.8 - https:\/\/yoast.com\/product\/yoast-seo-wordpress\/ -->\n<title>Impresszum - adesso business consulting Blog<\/title>\n<meta name=\"robots\" content=\"index, follow, max-snippet:-1, max-image-preview:large, max-video-preview:-1\" \/>\n<link rel=\"canonical\" href=\"https:\/\/blog.adesso-bc.com\/hu\/impresszum\/\" \/>\n<meta property=\"og:locale\" content=\"hu_HU\" \/>\n<meta property=\"og:type\" content=\"article\" \/>\n<meta property=\"og:title\" content=\"Impresszum - adesso business consulting Blog\" \/>\n<meta property=\"og:description\" content=\"Impresszum A r\u00e9szv\u00e9nyt\u00e1rsas\u00e1g sz\u00e9khelye adesso business consulting AGRobert-Henseling-Stra\u00dfe 1131789 Hameln Igazgat\u00f3s\u00e1gFrank BeckJens BrakhageOlaf ReiterStephan Thies Fel\u00fcgyel\u0151bizotts\u00e1g eln\u00f6keTobias Truhn C\u00e9gjegyz\u00e9ksz\u00e1m: HRB 213652Ad\u00f3sz\u00e1m: 22\/200\/77114USt-IdNr.: DE305482608 JogokMinden jog fenntartva. A tartalom b\u00e1rmilyen form\u00e1ban t\u00f6rt\u00e9n\u0151 sokszoros\u00edt\u00e1sa csak az adesso business consulting AG \u00edr\u00e1sbeli enged\u00e9ly\u00e9vel lehets\u00e9ges. Koncepci\u00f3 \u00e9s designOktober Kommunikationsdesign GmbH www.oktober.de Willy-Brandt-Platz 5-744787 Bochumwww.oktober.de Felel\u0151ss\u00e9gi nyilatkozatA tartalom gondos ellen\u0151rz\u00e9se [&hellip;]\" \/>\n<meta property=\"og:url\" content=\"https:\/\/blog.adesso-bc.com\/hu\/impresszum\/\" \/>\n<meta property=\"og:site_name\" content=\"adesso business consulting Blog\" \/>\n<meta property=\"article:publisher\" content=\"https:\/\/www.facebook.com\/adessoorange\" \/>\n<meta property=\"article:modified_time\" content=\"2025-12-09T12:56:36+00:00\" \/>\n<meta name=\"twitter:card\" content=\"summary_large_image\" \/>\n<meta name=\"twitter:label1\" content=\"Becs\u00fclt olvas\u00e1si id\u0151\" \/>\n\t<meta name=\"twitter:data1\" content=\"1 perc\" \/>\n<script type=\"application\/ld+json\" class=\"yoast-schema-graph\">{\"@context\":\"https:\/\/schema.org\",\"@graph\":[{\"@type\":\"WebPage\",\"@id\":\"https:\/\/blog.adesso-bc.com\/hu\/impresszum\/\",\"url\":\"https:\/\/blog.adesso-bc.com\/hu\/impresszum\/\",\"name\":\"Impresszum - adesso business consulting Blog\",\"isPartOf\":{\"@id\":\"https:\/\/blog.adesso-bc.com\/hu\/#website\"},\"datePublished\":\"2022-02-21T11:40:11+00:00\",\"dateModified\":\"2025-12-09T12:56:36+00:00\",\"breadcrumb\":{\"@id\":\"https:\/\/blog.adesso-bc.com\/hu\/impresszum\/#breadcrumb\"},\"inLanguage\":\"hu\",\"potentialAction\":[{\"@type\":\"ReadAction\",\"target\":[\"https:\/\/blog.adesso-bc.com\/hu\/impresszum\/\"]}]},{\"@type\":\"BreadcrumbList\",\"@id\":\"https:\/\/blog.adesso-bc.com\/hu\/impresszum\/#breadcrumb\",\"itemListElement\":[{\"@type\":\"ListItem\",\"position\":1,\"name\":\"Startseite\",\"item\":\"https:\/\/blog.adesso-bc.com\/hu\/\"},{\"@type\":\"ListItem\",\"position\":2,\"name\":\"Impresszum\"}]},{\"@type\":\"WebSite\",\"@id\":\"https:\/\/blog.adesso-bc.com\/hu\/#website\",\"url\":\"https:\/\/blog.adesso-bc.com\/hu\/\",\"name\":\"adesso business consulting Blog\",\"description\":\"A leg\u00fajabb fejlem\u00e9nyek \u00e9s izgalmas t\u00e9m\u00e1k az SAP vil\u00e1g\u00e1b\u00f3l\",\"publisher\":{\"@id\":\"https:\/\/blog.adesso-bc.com\/hu\/#organization\"},\"potentialAction\":[{\"@type\":\"SearchAction\",\"target\":{\"@type\":\"EntryPoint\",\"urlTemplate\":\"https:\/\/blog.adesso-bc.com\/hu\/?s={search_term_string}\"},\"query-input\":{\"@type\":\"PropertyValueSpecification\",\"valueRequired\":true,\"valueName\":\"search_term_string\"}}],\"inLanguage\":\"hu\"},{\"@type\":\"Organization\",\"@id\":\"https:\/\/blog.adesso-bc.com\/hu\/#organization\",\"name\":\"adesso orange AG\",\"url\":\"https:\/\/blog.adesso-bc.com\/hu\/\",\"logo\":{\"@type\":\"ImageObject\",\"inLanguage\":\"hu\",\"@id\":\"https:\/\/blog.adesso-bc.com\/hu\/#\/schema\/logo\/image\/\",\"url\":\"https:\/\/blog.adesso-bc.com\/wp-content\/uploads\/2022\/03\/adesso-orange-blog-logo-gry.svg\",\"contentUrl\":\"https:\/\/blog.adesso-bc.com\/wp-content\/uploads\/2022\/03\/adesso-orange-blog-logo-gry.svg\",\"width\":100,\"height\":100,\"caption\":\"adesso orange AG\"},\"image\":{\"@id\":\"https:\/\/blog.adesso-bc.com\/hu\/#\/schema\/logo\/image\/\"},\"sameAs\":[\"https:\/\/www.facebook.com\/adessoorange\",\"https:\/\/www.instagram.com\/adesso.orange\",\"https:\/\/www.linkedin.com\/company\/adesso-orange\",\"https:\/\/www.xing.com\/pages\/adesso-orange\"]}]}<\/script>\n<!-- \/ Yoast SEO plugin. -->","yoast_head_json":{"title":"Impresszum - adesso business consulting Blog","robots":{"index":"index","follow":"follow","max-snippet":"max-snippet:-1","max-image-preview":"max-image-preview:large","max-video-preview":"max-video-preview:-1"},"canonical":"https:\/\/blog.adesso-bc.com\/hu\/impresszum\/","og_locale":"hu_HU","og_type":"article","og_title":"Impresszum - adesso business consulting Blog","og_description":"Impresszum A r\u00e9szv\u00e9nyt\u00e1rsas\u00e1g sz\u00e9khelye adesso business consulting AGRobert-Henseling-Stra\u00dfe 1131789 Hameln Igazgat\u00f3s\u00e1gFrank BeckJens BrakhageOlaf ReiterStephan Thies Fel\u00fcgyel\u0151bizotts\u00e1g eln\u00f6keTobias Truhn C\u00e9gjegyz\u00e9ksz\u00e1m: HRB 213652Ad\u00f3sz\u00e1m: 22\/200\/77114USt-IdNr.: DE305482608 JogokMinden jog fenntartva. A tartalom b\u00e1rmilyen form\u00e1ban t\u00f6rt\u00e9n\u0151 sokszoros\u00edt\u00e1sa csak az adesso business consulting AG \u00edr\u00e1sbeli enged\u00e9ly\u00e9vel lehets\u00e9ges. Koncepci\u00f3 \u00e9s designOktober Kommunikationsdesign GmbH www.oktober.de Willy-Brandt-Platz 5-744787 Bochumwww.oktober.de Felel\u0151ss\u00e9gi nyilatkozatA tartalom gondos ellen\u0151rz\u00e9se [&hellip;]","og_url":"https:\/\/blog.adesso-bc.com\/hu\/impresszum\/","og_site_name":"adesso business consulting Blog","article_publisher":"https:\/\/www.facebook.com\/adessoorange","article_modified_time":"2025-12-09T12:56:36+00:00","twitter_card":"summary_large_image","twitter_misc":{"Becs\u00fclt olvas\u00e1si id\u0151":"1 perc"},"schema":{"@context":"https:\/\/schema.org","@graph":[{"@type":"WebPage","@id":"https:\/\/blog.adesso-bc.com\/hu\/impresszum\/","url":"https:\/\/blog.adesso-bc.com\/hu\/impresszum\/","name":"Impresszum - adesso business consulting Blog","isPartOf":{"@id":"https:\/\/blog.adesso-bc.com\/hu\/#website"},"datePublished":"2022-02-21T11:40:11+00:00","dateModified":"2025-12-09T12:56:36+00:00","breadcrumb":{"@id":"https:\/\/blog.adesso-bc.com\/hu\/impresszum\/#breadcrumb"},"inLanguage":"hu","potentialAction":[{"@type":"ReadAction","target":["https:\/\/blog.adesso-bc.com\/hu\/impresszum\/"]}]},{"@type":"BreadcrumbList","@id":"https:\/\/blog.adesso-bc.com\/hu\/impresszum\/#breadcrumb","itemListElement":[{"@type":"ListItem","position":1,"name":"Startseite","item":"https:\/\/blog.adesso-bc.com\/hu\/"},{"@type":"ListItem","position":2,"name":"Impresszum"}]},{"@type":"WebSite","@id":"https:\/\/blog.adesso-bc.com\/hu\/#website","url":"https:\/\/blog.adesso-bc.com\/hu\/","name":"adesso business consulting Blog","description":"A leg\u00fajabb fejlem\u00e9nyek \u00e9s izgalmas t\u00e9m\u00e1k az SAP vil\u00e1g\u00e1b\u00f3l","publisher":{"@id":"https:\/\/blog.adesso-bc.com\/hu\/#organization"},"potentialAction":[{"@type":"SearchAction","target":{"@type":"EntryPoint","urlTemplate":"https:\/\/blog.adesso-bc.com\/hu\/?s={search_term_string}"},"query-input":{"@type":"PropertyValueSpecification","valueRequired":true,"valueName":"search_term_string"}}],"inLanguage":"hu"},{"@type":"Organization","@id":"https:\/\/blog.adesso-bc.com\/hu\/#organization","name":"adesso orange AG","url":"https:\/\/blog.adesso-bc.com\/hu\/","logo":{"@type":"ImageObject","inLanguage":"hu","@id":"https:\/\/blog.adesso-bc.com\/hu\/#\/schema\/logo\/image\/","url":"https:\/\/blog.adesso-bc.com\/wp-content\/uploads\/2022\/03\/adesso-orange-blog-logo-gry.svg","contentUrl":"https:\/\/blog.adesso-bc.com\/wp-content\/uploads\/2022\/03\/adesso-orange-blog-logo-gry.svg","width":100,"height":100,"caption":"adesso orange AG"},"image":{"@id":"https:\/\/blog.adesso-bc.com\/hu\/#\/schema\/logo\/image\/"},"sameAs":["https:\/\/www.facebook.com\/adessoorange","https:\/\/www.instagram.com\/adesso.orange","https:\/\/www.linkedin.com\/company\/adesso-orange","https:\/\/www.xing.com\/pages\/adesso-orange"]}]}},"_links":{"self":[{"href":"https:\/\/blog.adesso-bc.com\/hu\/wp-json\/wp\/v2\/pages\/247133","targetHints":{"allow":["GET"]}}],"collection":[{"href":"https:\/\/blog.adesso-bc.com\/hu\/wp-json\/wp\/v2\/pages"}],"about":[{"href":"https:\/\/blog.adesso-bc.com\/hu\/wp-json\/wp\/v2\/types\/page"}],"author":[{"embeddable":true,"href":"https:\/\/blog.adesso-bc.com\/hu\/wp-json\/wp\/v2\/users\/1"}],"replies":[{"embeddable":true,"href":"https:\/\/blog.adesso-bc.com\/hu\/wp-json\/wp\/v2\/comments?post=247133"}],"version-history":[{"count":2,"href":"https:\/\/blog.adesso-bc.com\/hu\/wp-json\/wp\/v2\/pages\/247133\/revisions"}],"predecessor-version":[{"id":247135,"href":"https:\/\/blog.adesso-bc.com\/hu\/wp-json\/wp\/v2\/pages\/247133\/revisions\/247135"}],"wp:attachment":[{"href":"https:\/\/blog.adesso-bc.com\/hu\/wp-json\/wp\/v2\/media?parent=247133"}],"curies":[{"name":"wp","href":"https:\/\/api.w.org\/{rel}","templated":true}]}}